{"id":120,"date":"2023-04-03T15:19:21","date_gmt":"2023-04-03T13:19:21","guid":{"rendered":"https:\/\/www.principiumlife.com\/es\/?page_id=120"},"modified":"2025-09-19T17:56:44","modified_gmt":"2025-09-19T15:56:44","slug":"bienestar-de-cada-dia","status":"publish","type":"page","link":"https:\/\/www.principiumlife.com\/es\/productos\/bienestar-de-cada-dia\/","title":{"rendered":"Bienestar de cada dia"},"content":{"rendered":"\t\t<div data-elementor-type=\"wp-page\" data-elementor-id=\"120\" class=\"elementor elementor-120\" data-elementor-post-type=\"page\">\n\t\t\t\t\t\t<section class=\"elementor-section elementor-top-section elementor-element elementor-element-0d013b0 elementor-section-full_width elementor-section-height-default elementor-section-height-default\" data-id=\"0d013b0\" data-element_type=\"section\" data-e-type=\"section\" data-settings=\"{&quot;background_background&quot;:&quot;gradient&quot;}\">\n\t\t\t\t\t\t<div class=\"elementor-container elementor-column-gap-no\">\n\t\t\t\t\t<div class=\"elementor-column elementor-col-100 elementor-top-column elementor-element elementor-element-d885a15\" data-id=\"d885a15\" data-element_type=\"column\" data-e-type=\"column\">\n\t\t\t<div class=\"elementor-widget-wrap elementor-element-populated\">\n\t\t\t\t\t\t<section class=\"elementor-section elementor-inner-section elementor-element elementor-element-0180960 elementor-section-boxed elementor-section-height-default elementor-section-height-default\" data-id=\"0180960\" data-element_type=\"section\" data-e-type=\"section\">\n\t\t\t\t\t\t<div class=\"elementor-container elementor-column-gap-default\">\n\t\t\t\t\t<div class=\"elementor-column elementor-col-16 elementor-inner-column elementor-element elementor-element-f5bae6d elementor-hidden-tablet elementor-hidden-mobile\" data-id=\"f5bae6d\" data-element_type=\"column\" data-e-type=\"column\">\n\t\t\t<div class=\"elementor-widget-wrap\">\n\t\t\t\t\t\t\t<\/div>\n\t\t<\/div>\n\t\t\t\t<div class=\"elementor-column elementor-col-66 elementor-inner-column elementor-element elementor-element-3fbc35b\" data-id=\"3fbc35b\" data-element_type=\"column\" data-e-type=\"column\">\n\t\t\t<div class=\"elementor-widget-wrap elementor-element-populated\">\n\t\t\t\t\t\t<div class=\"elementor-element elementor-element-91440c4 elementor-widget elementor-widget-heading\" data-id=\"91440c4\" data-element_type=\"widget\" data-e-type=\"widget\" data-widget_type=\"heading.default\">\n\t\t\t\t<div class=\"elementor-widget-container\">\n\t\t\t\t\t<h1 class=\"elementor-heading-title elementor-size-default\">Bienestar de cada d\u00eda<\/h1>\t\t\t\t<\/div>\n\t\t\t\t<\/div>\n\t\t\t\t\t<\/div>\n\t\t<\/div>\n\t\t\t\t<div class=\"elementor-column elementor-col-16 elementor-inner-column elementor-element elementor-element-12ae106 elementor-hidden-tablet elementor-hidden-mobile\" data-id=\"12ae106\" data-element_type=\"column\" data-e-type=\"column\">\n\t\t\t<div class=\"elementor-widget-wrap\">\n\t\t\t\t\t\t\t<\/div>\n\t\t<\/div>\n\t\t\t\t\t<\/div>\n\t\t<\/section>\n\t\t\t\t<div class=\"elementor-element elementor-element-8c03d79 elementor-widget elementor-widget-text-editor\" data-id=\"8c03d79\" data-element_type=\"widget\" data-e-type=\"widget\" data-widget_type=\"text-editor.default\">\n\t\t\t\t<div class=\"elementor-widget-container\">\n\t\t\t\t\t\t\t\t\t<p>Para <strong>mantenerse en forma, activo y sano<\/strong>, es fundamental adoptar un estilo de vida saludable, combinando la actividad f\u00edsica con una <strong>dieta variada y equilibrada<\/strong>, rica en todos los nutrientes esenciales para el bienestar diario: especialmente en lo referente a <strong>vitaminas y sales minerales.<\/strong><\/p>\t\t\t\t\t\t\t\t<\/div>\n\t\t\t\t<\/div>\n\t\t\t\t<div class=\"elementor-element elementor-element-ed96b03 elementor-widget elementor-widget-html\" data-id=\"ed96b03\" data-element_type=\"widget\" data-e-type=\"widget\" data-widget_type=\"html.default\">\n\t\t\t\t<div class=\"elementor-widget-container\">\n\t\t\t\t\t<div class=\"linea-sezione linea-bianca\"><\/div>\t\t\t\t<\/div>\n\t\t\t\t<\/div>\n\t\t\t\t\t<\/div>\n\t\t<\/div>\n\t\t\t\t\t<\/div>\n\t\t<\/section>\n\t\t\t\t<section class=\"elementor-section elementor-top-section elementor-element elementor-element-e051434 elementor-section-full_width elementor-section-height-default elementor-section-height-default\" data-id=\"e051434\" data-element_type=\"section\" data-e-type=\"section\" data-settings=\"{&quot;background_background&quot;:&quot;classic&quot;}\">\n\t\t\t\t\t\t<div class=\"elementor-container elementor-column-gap-no\">\n\t\t\t\t\t<div class=\"elementor-column elementor-col-100 elementor-top-column elementor-element elementor-element-f4b539d\" data-id=\"f4b539d\" data-element_type=\"column\" data-e-type=\"column\">\n\t\t\t<div class=\"elementor-widget-wrap elementor-element-populated\">\n\t\t\t\t\t\t<div class=\"elementor-element elementor-element-f4e9aa8 elementor-widget elementor-widget-html\" data-id=\"f4e9aa8\" data-element_type=\"widget\" data-e-type=\"widget\" data-widget_type=\"html.default\">\n\t\t\t\t<div class=\"elementor-widget-container\">\n\t\t\t\t\t<div class=\"linea-sezione linea-verde\"><\/div>\t\t\t\t<\/div>\n\t\t\t\t<\/div>\n\t\t\t\t<div class=\"elementor-element elementor-element-64d5bcc elementor-widget elementor-widget-text-editor\" data-id=\"64d5bcc\" data-element_type=\"widget\" data-e-type=\"widget\" data-widget_type=\"text-editor.default\">\n\t\t\t\t<div class=\"elementor-widget-container\">\n\t\t\t\t\t\t\t\t\t<p><span style=\"letter-spacing: 0.6px;color: var( --e-global-color-text );font-size: 1em\">A veces el d\u00eda a d\u00eda no nos permite mantener la alimentaci\u00f3n equilibrada que garantiza la correcta ingesta y absorci\u00f3n de<\/span>&nbsp;elementos fundamentales e implicados en las <strong>funciones vitales<\/strong> del organismo: en estos casos una&nbsp;<strong>suplementaci\u00f3n de calidad <\/strong>puntual puede ser necesaria para <strong>mantener nuestra salud.<\/strong><\/p>\n<p>Los complementos alimenticios Principium son<strong> los aliados perfectos para el bienestar diario.<\/strong> Formulaciones basadas en <strong>los mejores ingredientes activos <\/strong>en su forma <strong>m\u00e1s eficaz y pr\u00e1ctica<\/strong>, por s\u00ed solos o en sinergia con otros nutrientes \u00fatiles destinados a aumentar la absorci\u00f3n por parte del organismo, lo que se conoce como la biodisponibilidad.<\/p>\t\t\t\t\t\t\t\t<\/div>\n\t\t\t\t<\/div>\n\t\t\t\t\t<\/div>\n\t\t<\/div>\n\t\t\t\t\t<\/div>\n\t\t<\/section>\n\t\t\t\t<section class=\"elementor-section elementor-top-section elementor-element elementor-element-fee4b0b elementor-section-full_width elementor-section-height-default elementor-section-height-default\" data-id=\"fee4b0b\" data-element_type=\"section\" data-e-type=\"section\" data-settings=\"{&quot;background_background&quot;:&quot;classic&quot;}\">\n\t\t\t\t\t\t<div class=\"elementor-container elementor-column-gap-no\">\n\t\t\t\t\t<div class=\"elementor-column elementor-col-100 elementor-top-column elementor-element elementor-element-7f13596\" data-id=\"7f13596\" data-element_type=\"column\" data-e-type=\"column\">\n\t\t\t<div class=\"elementor-widget-wrap elementor-element-populated\">\n\t\t\t\t\t\t<div class=\"elementor-element elementor-element-57d9d78 elementor-widget elementor-widget-html\" data-id=\"57d9d78\" data-element_type=\"widget\" data-e-type=\"widget\" data-widget_type=\"html.default\">\n\t\t\t\t<div class=\"elementor-widget-container\">\n\t\t\t\t\t<div class=\"benessere-section\">\r\n  <div class=\"product-container\" style=\"background-image: url('\/es\/wp-content\/uploads\/sites\/3\/2024\/01\/complejo-b-fuerte-b12.webp')\">\r\n      <a href=\"\/es\/productos\/bienestar-de-cada-dia\/vitaminas\/\">\r\n        <div class=\"product-box\">\r\n            <h2 class=\"alignleft-text\">Vitaminas<\/h2>\r\n            <p class=\"alignleft-text\">Los micronutrientes esenciales para el organismo \r\n <\/p><br>\r\n            <p class=\"alignright-text\">Saber m\u00e1s<\/p>\r\n      <\/div>\r\n      <\/a>\r\n   <\/div>\r\n    <div class=\"product-container\" style=\"background-image: url('\/es\/wp-content\/uploads\/sites\/3\/2024\/01\/ferplus-magnesio-completo.webp')\">\r\n        <a href=\"\/es\/productos\/bienestar-de-cada-dia\/minerales\/\">\r\n         <div class=\"product-box\">\r\n            <h2 class=\"alignleft-text\">Minerales<\/h2>\r\n            <p class=\"alignleft-text\">Imprescindibles para el bienestar diario<\/p><br>\r\n            <p class=\"alignright-text\">Saber m\u00e1s<\/p>\r\n          <\/div>\r\n        <\/a>\r\n   <\/div>\r\n  <\/div>\t\t\t\t<\/div>\n\t\t\t\t<\/div>\n\t\t\t\t<div class=\"elementor-element elementor-element-aadd52f elementor-widget elementor-widget-html\" data-id=\"aadd52f\" data-element_type=\"widget\" data-e-type=\"widget\" data-widget_type=\"html.default\">\n\t\t\t\t<div class=\"elementor-widget-container\">\n\t\t\t\t\t<div class=\"linea-sezione linea-verde\"><\/div>\t\t\t\t<\/div>\n\t\t\t\t<\/div>\n\t\t\t\t\t<\/div>\n\t\t<\/div>\n\t\t\t\t\t<\/div>\n\t\t<\/section>\n\t\t\t\t<section class=\"elementor-section elementor-top-section elementor-element elementor-element-1645c5d elementor-section-full_width elementor-section-height-default elementor-section-height-default\" data-id=\"1645c5d\" data-element_type=\"section\" data-e-type=\"section\" data-settings=\"{&quot;background_background&quot;:&quot;gradient&quot;}\">\n\t\t\t\t\t\t<div class=\"elementor-container elementor-column-gap-no\">\n\t\t\t\t\t<div class=\"elementor-column elementor-col-100 elementor-top-column elementor-element elementor-element-33ebc54\" data-id=\"33ebc54\" data-element_type=\"column\" data-e-type=\"column\">\n\t\t\t<div class=\"elementor-widget-wrap elementor-element-populated\">\n\t\t\t\t\t\t<div class=\"elementor-element elementor-element-bd778a3 elementor-widget elementor-widget-html\" data-id=\"bd778a3\" data-element_type=\"widget\" data-e-type=\"widget\" data-widget_type=\"html.default\">\n\t\t\t\t<div class=\"elementor-widget-container\">\n\t\t\t\t\t<div class=\"linea-sezione linea-bianca\"><\/div>\t\t\t\t<\/div>\n\t\t\t\t<\/div>\n\t\t\t\t<div class=\"elementor-element elementor-element-df75544 elementor-widget elementor-widget-heading\" data-id=\"df75544\" data-element_type=\"widget\" data-e-type=\"widget\" data-widget_type=\"heading.default\">\n\t\t\t\t<div class=\"elementor-widget-container\">\n\t\t\t\t\t<h2 class=\"elementor-heading-title elementor-size-default\">Descubra otras categor\u00edas:<\/h2>\t\t\t\t<\/div>\n\t\t\t\t<\/div>\n\t\t\t\t<div class=\"elementor-element elementor-element-bbe720b elementor-widget elementor-widget-html\" data-id=\"bbe720b\" data-element_type=\"widget\" data-e-type=\"widget\" data-widget_type=\"html.default\">\n\t\t\t\t<div class=\"elementor-widget-container\">\n\t\t\t\t\t<div class=\"splide carosello_general\" id=\"benessere-cards\" role=\"group\" aria-label=\"Categorie carosello\">\r\n  <div class=\"splide__track\">\r\n    <ul class=\"splide__list\">\r\n     <li class=\"splide__slide card-container\" style=\"background-image: url('\/es\/wp-content\/uploads\/sites\/3\/2024\/01\/enzimas-no-gas.webp');background-position: center\">\r\n        <a href=\"\/es\/productos\/bienestar-gastrointestinal\/\"> \r\n         <div class=\"card-box\">\r\n           <h3 class=\"aligncenter-text\">BIENESTAR GASTROINTESTINAL<\/h3>\r\n           <p class=\"aligncenter-text\">Saber m\u00e1s<\/p>\r\n         <\/div>\r\n       <\/a>\r\n     <\/li>\r\n     <li class=\"splide__slide card-container\" style=\"background-image: url('\/es\/wp-content\/uploads\/sites\/3\/2024\/01\/aminasten-400-principium-es.webp');background-position: center\">\r\n        <a href=\"\/es\/productos\/bienestar-fisico\/\"> \r\n         <div class=\"card-box\">\r\n           <h3 class=\"aligncenter-text\" style=\"text-transform: uppercase\">Bienestar f\u00edsico<\/h3>\r\n           <p class=\"aligncenter-text\">Saber m\u00e1s<\/p>\r\n         <\/div>\r\n       <\/a>\r\n     <\/li>\r\n          <li class=\"splide__slide card-container\" style=\"background-image: url('\/wp-content\/uploads\/sites\/3\/2024\/10\/SedigolaActiv-Larituss.webp');background-position: center\">\r\n        <a href=\"\/es\/productos\/bienestar-garganta-vias-respiratorias\/\"> \r\n         <div class=\"card-box\">\r\n           <h3 class=\"aligncenter-text\">BIENESTAR DE LA GARGANTA Y DE LAS V\u00cdAS RESPIRATORIAS<\/h3>\r\n           <p class=\"aligncenter-text\">Saber m\u00e1s<\/p>\r\n         <\/div>\r\n       <\/a>\r\n     <\/li>   \r\n     <li class=\"splide__slide card-container\" style=\"background-image: url('\/wp-content\/uploads\/sites\/3\/2025\/09\/Ansicontrol-img.jpg');background-position: center\">\r\n        <a href=\"\/es\/productos\/bienestar-mental\/\"> \r\n         <div class=\"card-box\">\r\n           <h3 class=\"aligncenter-text\">BIENESTAR MENTAL<\/h3>\r\n           <p class=\"aligncenter-text\">Saber m\u00e1s<\/p>\r\n         <\/div>\r\n       <\/a>\r\n     <\/li> \r\n    <\/ul>\r\n  <\/div>\r\n<\/div>\t\t\t\t<\/div>\n\t\t\t\t<\/div>\n\t\t\t\t\t<\/div>\n\t\t<\/div>\n\t\t\t\t\t<\/div>\n\t\t<\/section>\n\t\t\t\t<\/div>\n\t\t","protected":false},"excerpt":{"rendered":"<p>Bienestar de cada d\u00eda Para mantenerse en forma, activo y sano, es fundamental adoptar un estilo de vida saludable, combinando la actividad f\u00edsica con una dieta variada y equilibrada, rica en todos los nutrientes esenciales para el bienestar diario: especialmente en lo referente a vitaminas y sales minerales. A veces el d\u00eda a d\u00eda no [&hellip;]<\/p>\n","protected":false},"author":1,"featured_media":13088,"parent":409,"menu_order":0,"comment_status":"closed","ping_status":"closed","template":"","meta":{"site-sidebar-layout":"no-sidebar","site-content-layout":"page-builder","ast-site-content-layout":"full-width-container","site-content-style":"unboxed","site-sidebar-style":"unboxed","ast-global-header-display":"","ast-banner-title-visibility":"","ast-main-header-display":"","ast-hfb-above-header-display":"","ast-hfb-below-header-display":"","ast-hfb-mobile-header-display":"","site-post-title":"disabled","ast-breadcrumbs-content":"","ast-featured-img":"disabled","footer-sml-layout":"","ast-disable-related-posts":"","theme-transparent-header-meta":"","adv-header-id-meta":"","stick-header-meta":"","header-above-stick-meta":"","header-main-stick-meta":"","header-below-stick-meta":"","astra-migrate-meta-layouts":"set","ast-page-background-enabled":"default","ast-page-background-meta":{"desktop":{"background-color":"var(--ast-global-color-4)","background-image":"","background-repeat":"repeat","background-position":"center center","background-size":"auto","background-attachment":"scroll","background-type":"","background-media":"","overlay-type":"","overlay-color":"","overlay-opacity":"","overlay-gradient":""},"tablet":{"background-color":"","background-image":"","background-repeat":"repeat","background-position":"center center","background-size":"auto","background-attachment":"scroll","background-type":"","background-media":"","overlay-type":"","overlay-color":"","overlay-opacity":"","overlay-gradient":""},"mobile":{"background-color":"","background-image":"","background-repeat":"repeat","background-position":"center center","background-size":"auto","background-attachment":"scroll","background-type":"","background-media":"","overlay-type":"","overlay-color":"","overlay-opacity":"","overlay-gradient":""}},"ast-content-background-meta":{"desktop":{"background-color":"var(--ast-global-color-5)","background-image":"","background-repeat":"repeat","background-position":"center center","background-size":"auto","background-attachment":"scroll","background-type":"","background-media":"","overlay-type":"","overlay-color":"","overlay-opacity":"","overlay-gradient":""},"tablet":{"background-color":"var(--ast-global-color-5)","background-image":"","background-repeat":"repeat","background-position":"center center","background-size":"auto","background-attachment":"scroll","background-type":"","background-media":"","overlay-type":"","overlay-color":"","overlay-opacity":"","overlay-gradient":""},"mobile":{"background-color":"var(--ast-global-color-5)","background-image":"","background-repeat":"repeat","background-position":"center center","background-size":"auto","background-attachment":"scroll","background-type":"","background-media":"","overlay-type":"","overlay-color":"","overlay-opacity":"","overlay-gradient":""}},"footnotes":""},"class_list":["post-120","page","type-page","status-publish","has-post-thumbnail","hentry"],"yoast_head":"<!-- This site is optimized with the Yoast SEO plugin v27.4 - https:\/\/yoast.com\/product\/yoast-seo-wordpress\/ -->\n<title>Vitaminas y Minerales - Principium Bios Line<\/title>\n<meta name=\"description\" content=\"Explora nuestra amplia gama de productos para el bienestar diario en Principium. Encuentra soluciones naturales para mejorar tu salud. Descubre los productos.\" \/>\n<meta name=\"robots\" content=\"index, follow, max-snippet:-1, max-image-preview:large, max-video-preview:-1\" \/>\n<link rel=\"canonical\" href=\"https:\/\/www.principiumlife.com\/es\/productos\/bienestar-de-cada-dia\/\" \/>\n<meta property=\"og:locale\" content=\"es_ES\" \/>\n<meta property=\"og:type\" content=\"article\" \/>\n<meta property=\"og:title\" content=\"Vitaminas y Minerales - Principium Bios Line\" \/>\n<meta property=\"og:description\" content=\"Explora nuestra amplia gama de productos para el bienestar diario en Principium. Encuentra soluciones naturales para mejorar tu salud. Descubre los productos.\" \/>\n<meta property=\"og:url\" content=\"https:\/\/www.principiumlife.com\/es\/productos\/bienestar-de-cada-dia\/\" \/>\n<meta property=\"og:site_name\" content=\"Principium Life Espa\u00f1a\" \/>\n<meta property=\"article:modified_time\" content=\"2025-09-19T15:56:44+00:00\" \/>\n<meta property=\"og:image\" content=\"https:\/\/www.principiumlife.com\/es\/wp-content\/uploads\/sites\/3\/2024\/01\/ferplus-magnesio-completo.webp\" \/>\n\t<meta property=\"og:image:width\" content=\"1200\" \/>\n\t<meta property=\"og:image:height\" content=\"901\" \/>\n\t<meta property=\"og:image:type\" content=\"image\/webp\" \/>\n<meta name=\"twitter:card\" content=\"summary_large_image\" \/>\n<meta name=\"twitter:label1\" content=\"Tiempo de lectura\" \/>\n\t<meta name=\"twitter:data1\" content=\"1 minuto\" \/>\n<script type=\"application\/ld+json\" class=\"yoast-schema-graph\">{\"@context\":\"https:\\\/\\\/schema.org\",\"@graph\":[{\"@type\":\"WebPage\",\"@id\":\"https:\\\/\\\/www.principiumlife.com\\\/es\\\/productos\\\/bienestar-de-cada-dia\\\/\",\"url\":\"https:\\\/\\\/www.principiumlife.com\\\/es\\\/productos\\\/bienestar-de-cada-dia\\\/\",\"name\":\"Vitaminas y Minerales - Principium Bios Line\",\"isPartOf\":{\"@id\":\"https:\\\/\\\/www.principiumlife.com\\\/es\\\/#website\"},\"primaryImageOfPage\":{\"@id\":\"https:\\\/\\\/www.principiumlife.com\\\/es\\\/productos\\\/bienestar-de-cada-dia\\\/#primaryimage\"},\"image\":{\"@id\":\"https:\\\/\\\/www.principiumlife.com\\\/es\\\/productos\\\/bienestar-de-cada-dia\\\/#primaryimage\"},\"thumbnailUrl\":\"https:\\\/\\\/www.principiumlife.com\\\/es\\\/wp-content\\\/uploads\\\/sites\\\/3\\\/2024\\\/01\\\/ferplus-magnesio-completo.webp\",\"datePublished\":\"2023-04-03T13:19:21+00:00\",\"dateModified\":\"2025-09-19T15:56:44+00:00\",\"description\":\"Explora nuestra amplia gama de productos para el bienestar diario en Principium. Encuentra soluciones naturales para mejorar tu salud. Descubre los productos.\",\"breadcrumb\":{\"@id\":\"https:\\\/\\\/www.principiumlife.com\\\/es\\\/productos\\\/bienestar-de-cada-dia\\\/#breadcrumb\"},\"inLanguage\":\"es\",\"potentialAction\":[{\"@type\":\"ReadAction\",\"target\":[\"https:\\\/\\\/www.principiumlife.com\\\/es\\\/productos\\\/bienestar-de-cada-dia\\\/\"]}]},{\"@type\":\"ImageObject\",\"inLanguage\":\"es\",\"@id\":\"https:\\\/\\\/www.principiumlife.com\\\/es\\\/productos\\\/bienestar-de-cada-dia\\\/#primaryimage\",\"url\":\"https:\\\/\\\/www.principiumlife.com\\\/es\\\/wp-content\\\/uploads\\\/sites\\\/3\\\/2024\\\/01\\\/ferplus-magnesio-completo.webp\",\"contentUrl\":\"https:\\\/\\\/www.principiumlife.com\\\/es\\\/wp-content\\\/uploads\\\/sites\\\/3\\\/2024\\\/01\\\/ferplus-magnesio-completo.webp\",\"width\":1200,\"height\":901},{\"@type\":\"BreadcrumbList\",\"@id\":\"https:\\\/\\\/www.principiumlife.com\\\/es\\\/productos\\\/bienestar-de-cada-dia\\\/#breadcrumb\",\"itemListElement\":[{\"@type\":\"ListItem\",\"position\":1,\"name\":\"Home\",\"item\":\"https:\\\/\\\/www.principiumlife.com\\\/es\\\/\"},{\"@type\":\"ListItem\",\"position\":2,\"name\":\"Productos\",\"item\":\"https:\\\/\\\/www.principiumlife.com\\\/es\\\/productos\\\/\"},{\"@type\":\"ListItem\",\"position\":3,\"name\":\"Bienestar de cada dia\"}]},{\"@type\":\"WebSite\",\"@id\":\"https:\\\/\\\/www.principiumlife.com\\\/es\\\/#website\",\"url\":\"https:\\\/\\\/www.principiumlife.com\\\/es\\\/\",\"name\":\"Principium Life Espa\u00f1a\",\"description\":\"\",\"publisher\":{\"@id\":\"https:\\\/\\\/www.principiumlife.com\\\/es\\\/#organization\"},\"potentialAction\":[{\"@type\":\"SearchAction\",\"target\":{\"@type\":\"EntryPoint\",\"urlTemplate\":\"https:\\\/\\\/www.principiumlife.com\\\/es\\\/?s={search_term_string}\"},\"query-input\":{\"@type\":\"PropertyValueSpecification\",\"valueRequired\":true,\"valueName\":\"search_term_string\"}}],\"inLanguage\":\"es\"},{\"@type\":\"Organization\",\"@id\":\"https:\\\/\\\/www.principiumlife.com\\\/es\\\/#organization\",\"name\":\"Principium Life Espa\u00f1a\",\"url\":\"https:\\\/\\\/www.principiumlife.com\\\/es\\\/\",\"logo\":{\"@type\":\"ImageObject\",\"inLanguage\":\"es\",\"@id\":\"https:\\\/\\\/www.principiumlife.com\\\/es\\\/#\\\/schema\\\/logo\\\/image\\\/\",\"url\":\"https:\\\/\\\/www.principiumlife.com\\\/es\\\/wp-content\\\/uploads\\\/sites\\\/3\\\/2023\\\/04\\\/logo-principium-white.png\",\"contentUrl\":\"https:\\\/\\\/www.principiumlife.com\\\/es\\\/wp-content\\\/uploads\\\/sites\\\/3\\\/2023\\\/04\\\/logo-principium-white.png\",\"width\":308,\"height\":101,\"caption\":\"Principium Life Espa\u00f1a\"},\"image\":{\"@id\":\"https:\\\/\\\/www.principiumlife.com\\\/es\\\/#\\\/schema\\\/logo\\\/image\\\/\"}}]}<\/script>\n<!-- \/ Yoast SEO plugin. -->","yoast_head_json":{"title":"Vitaminas y Minerales - Principium Bios Line","description":"Explora nuestra amplia gama de productos para el bienestar diario en Principium. Encuentra soluciones naturales para mejorar tu salud. Descubre los productos.","robots":{"index":"index","follow":"follow","max-snippet":"max-snippet:-1","max-image-preview":"max-image-preview:large","max-video-preview":"max-video-preview:-1"},"canonical":"https:\/\/www.principiumlife.com\/es\/productos\/bienestar-de-cada-dia\/","og_locale":"es_ES","og_type":"article","og_title":"Vitaminas y Minerales - Principium Bios Line","og_description":"Explora nuestra amplia gama de productos para el bienestar diario en Principium. Encuentra soluciones naturales para mejorar tu salud. Descubre los productos.","og_url":"https:\/\/www.principiumlife.com\/es\/productos\/bienestar-de-cada-dia\/","og_site_name":"Principium Life Espa\u00f1a","article_modified_time":"2025-09-19T15:56:44+00:00","og_image":[{"width":1200,"height":901,"url":"https:\/\/www.principiumlife.com\/es\/wp-content\/uploads\/sites\/3\/2024\/01\/ferplus-magnesio-completo.webp","type":"image\/webp"}],"twitter_card":"summary_large_image","twitter_misc":{"Tiempo de lectura":"1 minuto"},"schema":{"@context":"https:\/\/schema.org","@graph":[{"@type":"WebPage","@id":"https:\/\/www.principiumlife.com\/es\/productos\/bienestar-de-cada-dia\/","url":"https:\/\/www.principiumlife.com\/es\/productos\/bienestar-de-cada-dia\/","name":"Vitaminas y Minerales - Principium Bios Line","isPartOf":{"@id":"https:\/\/www.principiumlife.com\/es\/#website"},"primaryImageOfPage":{"@id":"https:\/\/www.principiumlife.com\/es\/productos\/bienestar-de-cada-dia\/#primaryimage"},"image":{"@id":"https:\/\/www.principiumlife.com\/es\/productos\/bienestar-de-cada-dia\/#primaryimage"},"thumbnailUrl":"https:\/\/www.principiumlife.com\/es\/wp-content\/uploads\/sites\/3\/2024\/01\/ferplus-magnesio-completo.webp","datePublished":"2023-04-03T13:19:21+00:00","dateModified":"2025-09-19T15:56:44+00:00","description":"Explora nuestra amplia gama de productos para el bienestar diario en Principium. Encuentra soluciones naturales para mejorar tu salud. Descubre los productos.","breadcrumb":{"@id":"https:\/\/www.principiumlife.com\/es\/productos\/bienestar-de-cada-dia\/#breadcrumb"},"inLanguage":"es","potentialAction":[{"@type":"ReadAction","target":["https:\/\/www.principiumlife.com\/es\/productos\/bienestar-de-cada-dia\/"]}]},{"@type":"ImageObject","inLanguage":"es","@id":"https:\/\/www.principiumlife.com\/es\/productos\/bienestar-de-cada-dia\/#primaryimage","url":"https:\/\/www.principiumlife.com\/es\/wp-content\/uploads\/sites\/3\/2024\/01\/ferplus-magnesio-completo.webp","contentUrl":"https:\/\/www.principiumlife.com\/es\/wp-content\/uploads\/sites\/3\/2024\/01\/ferplus-magnesio-completo.webp","width":1200,"height":901},{"@type":"BreadcrumbList","@id":"https:\/\/www.principiumlife.com\/es\/productos\/bienestar-de-cada-dia\/#breadcrumb","itemListElement":[{"@type":"ListItem","position":1,"name":"Home","item":"https:\/\/www.principiumlife.com\/es\/"},{"@type":"ListItem","position":2,"name":"Productos","item":"https:\/\/www.principiumlife.com\/es\/productos\/"},{"@type":"ListItem","position":3,"name":"Bienestar de cada dia"}]},{"@type":"WebSite","@id":"https:\/\/www.principiumlife.com\/es\/#website","url":"https:\/\/www.principiumlife.com\/es\/","name":"Principium Life Espa\u00f1a","description":"","publisher":{"@id":"https:\/\/www.principiumlife.com\/es\/#organization"},"potentialAction":[{"@type":"SearchAction","target":{"@type":"EntryPoint","urlTemplate":"https:\/\/www.principiumlife.com\/es\/?s={search_term_string}"},"query-input":{"@type":"PropertyValueSpecification","valueRequired":true,"valueName":"search_term_string"}}],"inLanguage":"es"},{"@type":"Organization","@id":"https:\/\/www.principiumlife.com\/es\/#organization","name":"Principium Life Espa\u00f1a","url":"https:\/\/www.principiumlife.com\/es\/","logo":{"@type":"ImageObject","inLanguage":"es","@id":"https:\/\/www.principiumlife.com\/es\/#\/schema\/logo\/image\/","url":"https:\/\/www.principiumlife.com\/es\/wp-content\/uploads\/sites\/3\/2023\/04\/logo-principium-white.png","contentUrl":"https:\/\/www.principiumlife.com\/es\/wp-content\/uploads\/sites\/3\/2023\/04\/logo-principium-white.png","width":308,"height":101,"caption":"Principium Life Espa\u00f1a"},"image":{"@id":"https:\/\/www.principiumlife.com\/es\/#\/schema\/logo\/image\/"}}]}},"_links":{"self":[{"href":"https:\/\/www.principiumlife.com\/es\/wp-json\/wp\/v2\/pages\/120","targetHints":{"allow":["GET"]}}],"collection":[{"href":"https:\/\/www.principiumlife.com\/es\/wp-json\/wp\/v2\/pages"}],"about":[{"href":"https:\/\/www.principiumlife.com\/es\/wp-json\/wp\/v2\/types\/page"}],"author":[{"embeddable":true,"href":"https:\/\/www.principiumlife.com\/es\/wp-json\/wp\/v2\/users\/1"}],"replies":[{"embeddable":true,"href":"https:\/\/www.principiumlife.com\/es\/wp-json\/wp\/v2\/comments?post=120"}],"version-history":[{"count":0,"href":"https:\/\/www.principiumlife.com\/es\/wp-json\/wp\/v2\/pages\/120\/revisions"}],"up":[{"embeddable":true,"href":"https:\/\/www.principiumlife.com\/es\/wp-json\/wp\/v2\/pages\/409"}],"wp:featuredmedia":[{"embeddable":true,"href":"https:\/\/www.principiumlife.com\/es\/wp-json\/wp\/v2\/media\/13088"}],"wp:attachment":[{"href":"https:\/\/www.principiumlife.com\/es\/wp-json\/wp\/v2\/media?parent=120"}],"curies":[{"name":"wp","href":"https:\/\/api.w.org\/{rel}","templated":true}]}}